{"id":71,"date":"2013-01-11T10:37:55","date_gmt":"2013-01-11T09:37:55","guid":{"rendered":"http:\/\/localhost\/wordpress\/?page_id=19"},"modified":"2018-05-26T13:12:25","modified_gmt":"2018-05-26T11:12:25","slug":"impressum-2","status":"publish","type":"page","link":"http:\/\/fcgershausen.de\/?page_id=71","title":{"rendered":"Impressum"},"content":{"rendered":"<h3>Verantwortlich als Diensteanbieter im Sinnes des Presserechts und des \u00a7 6 des Mediendienste &#8211; Staatsvertrages (MDStV):<\/h3>\n<p>1. FC Gershausen<br \/>\nHohlweg 1<br \/>\n36275 Kirchheim-Gershausen<\/p>\n<p>eMail:&nbsp;&nbsp;&nbsp;&nbsp; <a href=\"mailto:sportkurier@gershausen.de\">sportkurier (at) gershausen.de<\/a><\/p>\n<p>Internet: <a href=\"http:\/\/www.fcgershausen.de\/www.gershausen.de\">www.fcgershausen.de<\/a><\/p>\n<p>Vereinsregister: VR 825, VR Bad Hersfeld<\/p>\n<h3>Vertretungsberechtigte:<\/h3>\n<p>Gesch\u00e4ftsf\u00fchrender Vorstand:<br \/>\nMichael Bierwirth (1. Vorsitzender)<br \/>\nAndreas Gangl (2. Vorsitzender)<br \/>\nUwe Seifert (Kassierer)<\/p>\n<h2>Inhaltlich Verantwortlicher (lt. TDG u. MDStV):<\/h2>\n<p>Andreas Gangl<\/p>\n<h2>Rechtshinweis:<\/h2>\n<p>Der 1. FC Gershausen \u00fcbernimmt keine Gew\u00e4hr f\u00fcr die Richtigkeit, Vollst\u00e4ndigkeit und Aktualit\u00e4t der auf der Website befindlichen Daten und Information.<br \/>\nEbenso \u00fcbernimmt der 1. FC Gershausen keine Haftung f\u00fcr direkte oder indirekte Sch\u00e4den, die durch die Nutzung der auf der Website befindlichen Daten und Informationen entstehen.<br \/>\nIn jedem Falle haftet der 1. FC Gershausen nur bei vors\u00e4tzlicher oder grob fahrl\u00e4ssiger Verursachung eines Schadens, soweit nicht zwingende gesetzliche Vorschriften eine uneingeschr\u00e4nkte Haftung vorsehen.<br \/>\nDie Nutzung des Internets erfolgt auf eigene Gefahr des Nutzers. Der 1. FC Gershausen haftet insbesondere nicht f\u00fcr den technisch bedingten Ausfall des Internets bzw. des Zugangs zum Internet.<br \/>\nEs ist gestattet, einen Hyperlink (Internetverkn\u00fcpfung) auf die Website zu setzen, soweit er allein der Querreferenz dient. Das Framen der Website ist nicht gestattet.<br \/>\nDer 1. FC Gershausen erm\u00f6glicht es dem Nutzer, \u00fcber Verweise und Hyperlinks auf die Websites anderer Anbieter zuzugreifen. Hyperlinks auf andere Anbieter wurden durch den 1. FC Gershausen nicht gepr\u00fcft, die Haftung f\u00fcr deren Inhalte ist ausgeschlossen.<br \/>\nDer 1. FC Gershausen distanziert sich hiermit ausdr\u00fccklich von allen Inhalten s\u00e4mtlicher gelinkter Seiten auf seinen Internetseiten und verweist darauf, dass er weder Einfluss auf Gestaltung und Inhalte der gelinkten Seiten hat noch sich diese Inhalte zu eigen macht.<br \/>\nF\u00fcr rechtswidrige, fehlerhafte oder unvollst\u00e4ndige Inhalte und f\u00fcr Sch\u00e4den, die aufgrund der Nutzung eines hinter dem Verweis oder Hyperlink liegenden Inhalts verursacht worden sind, haftet der 1. FC Gershausen daher nicht.<\/p>\n<h2>Datenschutz:<\/h2>\n<p><a href=\"http:\/\/fcgershausen.de\/?page_id=2426\">Datenschutz<\/a><\/p>\n","protected":false},"excerpt":{"rendered":"<p>Verantwortlich als Diensteanbieter im Sinnes des Presserechts und des \u00a7 6 des Mediendienste &#8211; Staatsvertrages (MDStV): 1. FC Gershausen Hohlweg 1 36275 Kirchheim-Gershausen eMail:&nbsp;&nbsp;&nbsp;&nbsp; sportkurier (at) gershausen.de Internet: www.fcgershausen.de Vereinsregister: VR 825, VR Bad Hersfeld Vertretungsberechtigte: Gesch\u00e4ftsf\u00fchrender Vorstand: Michael Bierwirth (1. Vorsitzender) Andreas Gangl (2. Vorsitzender) Uwe Seifert (Kassierer) Inhaltlich Verantwortlicher (lt. TDG u. MDStV): Andreas Gangl Rechtshinweis: Der 1. FC Gershausen \u00fcbernimmt keine Gew\u00e4hr f\u00fcr die Richtigkeit, Vollst\u00e4ndigkeit und Aktualit\u00e4t der auf der Website befindlichen Daten und Information. Ebenso \u00fcbernimmt der 1. FC Gershausen keine Haftung f\u00fcr direkte oder indirekte Sch\u00e4den, die durch die Nutzung der auf der Website befindlichen Daten und Informationen entstehen. In jedem Falle haftet der<\/p>\n","protected":false},"author":1,"featured_media":0,"parent":0,"menu_order":40,"comment_status":"closed","ping_status":"closed","template":"","meta":{"ngg_post_thumbnail":0,"footnotes":""},"_links":{"self":[{"href":"http:\/\/fcgershausen.de\/index.php?rest_route=\/wp\/v2\/pages\/71"}],"collection":[{"href":"http:\/\/fcgershausen.de\/index.php?rest_route=\/wp\/v2\/pages"}],"about":[{"href":"http:\/\/fcgershausen.de\/index.php?rest_route=\/wp\/v2\/types\/page"}],"author":[{"embeddable":true,"href":"http:\/\/fcgershausen.de\/index.php?rest_route=\/wp\/v2\/users\/1"}],"replies":[{"embeddable":true,"href":"http:\/\/fcgershausen.de\/index.php?rest_route=%2Fwp%2Fv2%2Fcomments&post=71"}],"version-history":[{"count":5,"href":"http:\/\/fcgershausen.de\/index.php?rest_route=\/wp\/v2\/pages\/71\/revisions"}],"predecessor-version":[{"id":2431,"href":"http:\/\/fcgershausen.de\/index.php?rest_route=\/wp\/v2\/pages\/71\/revisions\/2431"}],"wp:attachment":[{"href":"http:\/\/fcgershausen.de\/index.php?rest_route=%2Fwp%2Fv2%2Fmedia&parent=71"}],"curies":[{"name":"wp","href":"https:\/\/api.w.org\/{rel}","templated":true}]}}